{"id":2374,"date":"2019-06-19T12:32:33","date_gmt":"2019-06-19T12:32:33","guid":{"rendered":"https:\/\/octopus.hr\/?page_id=2374"},"modified":"2022-10-10T11:18:20","modified_gmt":"2022-10-10T11:18:20","slug":"services","status":"publish","type":"page","link":"https:\/\/octopus.hr\/en\/services\/","title":{"rendered":"Services"},"content":{"rendered":"\n  <div id=\"page-header-1442853386\" class=\"page-header-wrapper\">\n  <div class=\"page-title dark featured-title\">\n\n        <div class=\"page-title-bg\">\n      <div class=\"title-bg fill bg-fill\"\n        data-parallax-container=\".page-title\"\n        data-parallax-background\n        data-parallax=\"-\">\n      <\/div>\n      <div class=\"title-overlay fill\"><\/div>\n    <\/div>\n    \n    <div class=\"page-title-inner container align-center text-center flex-row-col medium-flex-wrap\" >\n              <div class=\"title-wrapper uppercase is-xxlarge flex-col\">\n          <h1 class=\"entry-title mb-0\">\n            DJELATNOSTI          <\/h1>\n        <\/div>\n                    <div class=\"title-content flex-col\">\n        <div class=\"title-breadcrumbs pb-half pt-half\"><\/div>      <\/div>\n    <\/div>\n\n     \n<style>\n#page-header-1442853386 .page-title-inner {\n  min-height: 400px;\n}\n#page-header-1442853386 {\n  margin-bottom: 0px;\n}\n#page-header-1442853386 .title-bg {\n  background-image: url(https:\/\/octopus.hr\/wp-content\/uploads\/2019\/06\/Djelatnosti-Octopus-Rijeka.jpg);\n}\n<\/style>\n  <\/div>\n    <\/div>\n  \n\n\n\t<section class=\"section\" id=\"section_1092096807\">\n\t\t<div class=\"section-bg fill\" >\n\t\t\t\t\t\t\t\t\t\n\t\t\t\n\n\t\t<\/div>\n\n\t\t\n\n\t\t<div class=\"section-content relative\">\n\t\t\t\n\n  <div class=\"banner-grid-wrapper\">\n  <div id=\"banner-grid-1671078490\" class=\"banner-grid row row-grid\" data-packery-options=\"\">\n                      \n\n<div class=\"col grid-col large-8 grid-col-2-3\" ><div class=\"col-inner\">\n\n\n  <div class=\"banner has-hover\" id=\"banner-651278793\">\n          <div class=\"banner-inner fill\">\n        <div class=\"banner-bg fill\" >\n            <img loading=\"lazy\" decoding=\"async\" width=\"1920\" height=\"1080\" src=\"https:\/\/octopus.hr\/wp-content\/uploads\/2019\/06\/Octopus-sanacija-stijenskog-pokosa.jpg\" class=\"bg attachment-original size-original\" alt=\"\" \/>                        <div class=\"overlay\"><\/div>            \n                    <\/div>\n\t\t\n        <div class=\"banner-layers container\">\n            <div class=\"fill banner-link\"><\/div>            \n\n   <div id=\"text-box-1971700542\" class=\"text-box banner-layer x5 md-x5 lg-x5 y90 md-y90 lg-y90 res-text\">\n                                <div class=\"text-box-content text dark\">\n              \n              <div class=\"text-inner text-left\">\n                  \n\n<h2 class=\"uppercase\">GEOTEHNI\u010cKI RADOVI<\/h2>\n<p class=\"lead\" data-line-height=\"m\">Geotehni\u010dki istra\u017eni radovi se \u010desto nazivaju i geomehanika, a predstavljaju skup svih istra\u017eivanja i ispitivanja koja se provode za potrebe utvr\u0111ivanja uvjeta u tlu, stijeni i podzemnoj vodi, a rezultati se obra\u0111uju i sintezno prikazuju u elaboratu \u2013 geotehni\u010dki izvje\u0161taj ili elaborat.<\/p>\n<p>&nbsp;<\/p>\n<a class=\"button primary\" >\n\t\t<span>VI\u0160E<\/span>\n\t<i class=\"icon-angle-right\" aria-hidden=\"true\"><\/i><\/a>\n\n\n\n              <\/div>\n           <\/div>\n                            \n<style>\n#text-box-1971700542 {\n  margin: 0 0px 0px 0px;\n  width: 60%;\n}\n#text-box-1971700542 .text-inner {\n  padding: 0 0px 0px 0px;\n}\n#text-box-1971700542 .text-box-content {\n  font-size: 100%;\n}\n@media (min-width:550px) {\n  #text-box-1971700542 {\n    width: 80%;\n  }\n}\n<\/style>\n    <\/div>\n \n\n        <\/div>\n      <\/div>\n\n            \n<style>\n#banner-651278793 {\n  padding-top: 500px;\n}\n#banner-651278793 .overlay {\n  background-color: rgba(0, 0, 0, 0.31);\n}\n<\/style>\n  <\/div>\n\n\n\n<\/div><\/div>\n<div class=\"col grid-col large-4 grid-col-2-3\" ><div class=\"col-inner\">\n\n\n  <div class=\"banner has-hover bg-overlay-remove\" id=\"banner-1423254919\">\n          <div class=\"banner-inner fill\">\n        <div class=\"banner-bg fill\" >\n            <img loading=\"lazy\" decoding=\"async\" width=\"400\" height=\"400\" src=\"https:\/\/octopus.hr\/wp-content\/uploads\/2019\/06\/visinski-radovi-Octopus.jpg\" class=\"bg attachment-original size-original\" alt=\"\" \/>                        <div class=\"overlay\"><\/div>            \n                    <\/div>\n\t\t\n        <div class=\"banner-layers container\">\n            <div class=\"fill banner-link\"><\/div>            \n\n   <div id=\"text-box-1978828150\" class=\"text-box banner-layer x90 md-x90 lg-x90 y90 md-y90 lg-y90 res-text\">\n                                <div class=\"text-box-content text dark\">\n              \n              <div class=\"text-inner text-right\">\n                  \n\n<h2 class=\"uppercase\">GRA\u0110EVINSKI RADOVI<\/h2>\n<p class=\"lead\">Izvodimo sve pripremne radova na gradili\u0161tu, te iznajmljivanje gra\u0111evinskih strojeva i opreme s rukovanjem.<\/p>\n<a class=\"button primary\" >\n\t\t<span>Vi\u0161e<\/span>\n\t<i class=\"icon-angle-right\" aria-hidden=\"true\"><\/i><\/a>\n\n\n\n              <\/div>\n           <\/div>\n                            \n<style>\n#text-box-1978828150 {\n  width: 60%;\n}\n#text-box-1978828150 .text-box-content {\n  font-size: 140%;\n}\n@media (min-width:550px) {\n  #text-box-1978828150 {\n    width: 80%;\n  }\n}\n<\/style>\n    <\/div>\n \n\n        <\/div>\n      <\/div>\n\n            \n<style>\n#banner-1423254919 {\n  padding-top: 500px;\n}\n#banner-1423254919 .overlay {\n  background-color: rgba(0, 0, 0, 0.31);\n}\n<\/style>\n  <\/div>\n\n\n\n<\/div><\/div>\n<div class=\"col grid-col large-4 grid-col-2-3\" ><div class=\"col-inner\">\n\n\n  <div class=\"banner has-hover\" id=\"banner-71360887\">\n          <div class=\"banner-inner fill\">\n        <div class=\"banner-bg fill\" >\n                                    <div class=\"overlay\"><\/div>            \n                    <\/div>\n\t\t\n        <div class=\"banner-layers container\">\n            <div class=\"fill banner-link\"><\/div>            \n\n   <div id=\"text-box-308902687\" class=\"text-box banner-layer x5 md-x5 lg-x5 y90 md-y90 lg-y90 res-text\">\n                                <div class=\"text-box-content text dark\">\n              \n              <div class=\"text-inner text-left\">\n                  \n\n<h2 class=\"uppercase\"><strong>ZASTUPANJE I TRGOVINA<\/strong><\/h2>\n<p class=\"lead\">Ovla\u0161teni smo zastupnici opreme za za\u0161titu tla od odrona kamenja i erozije renomiranog proizvo\u0111a\u010da BORGHI AZIO<\/p>\n<a class=\"button primary\" >\n\t\t<span>Primary<\/span>\n\t<\/a>\n\n\n<a class=\"button white is-outline\" >\n\t\t<span>Secondary<\/span>\n\t<\/a>\n\n\n\n              <\/div>\n           <\/div>\n                            \n<style>\n#text-box-308902687 {\n  width: 60%;\n}\n#text-box-308902687 .text-box-content {\n  font-size: 100%;\n}\n@media (min-width:550px) {\n  #text-box-308902687 {\n    width: 80%;\n  }\n}\n<\/style>\n    <\/div>\n \n\n        <\/div>\n      <\/div>\n\n            \n<style>\n#banner-71360887 {\n  padding-top: 500px;\n}\n#banner-71360887 .overlay {\n  background-color: rgba(0, 0, 0, 0.31);\n}\n<\/style>\n  <\/div>\n\n\n\n<\/div><\/div>\n<div class=\"col grid-col large-8 grid-col-2-3\" ><div class=\"col-inner\">\n\n\n  <div class=\"banner has-hover\" id=\"banner-299060718\">\n          <div class=\"banner-inner fill\">\n        <div class=\"banner-bg fill\" >\n                                    <div class=\"overlay\"><\/div>            \n                    <\/div>\n\t\t\n        <div class=\"banner-layers container\">\n            <div class=\"fill banner-link\"><\/div>            \n\n   <div id=\"text-box-881126503\" class=\"text-box banner-layer x95 md-x95 lg-x95 y50 md-y50 lg-y50 res-text\">\n                                <div class=\"text-box-content text dark\">\n              \n              <div class=\"text-inner text-right\">\n                  \n\n<h2 class=\"uppercase\">RADOVI NA VISINAMA I NEPRISTUPA\u010cNIM MJESTIMA<\/h2>\n<p class=\"lead\">Na\u0161e usluge na visokim i nepristupa\u010dnim mjestima jeftinije su i br\u017ee od usluga tvrtki koje poslove obavljaju na klasi\u010dan na\u010din i koje koriste klasi\u010dnu gra\u0111evinsku skelu i ostalu opremu za visinske radove.<\/p>\n<a class=\"button primary\" >\n\t\t<span>Primary<\/span>\n\t<\/a>\n\n\n<a class=\"button white is-outline\" >\n\t\t<span>Secondary<\/span>\n\t<\/a>\n\n\n\n              <\/div>\n           <\/div>\n                            \n<style>\n#text-box-881126503 {\n  width: 60%;\n}\n#text-box-881126503 .text-box-content {\n  font-size: 100%;\n}\n@media (min-width:550px) {\n  #text-box-881126503 {\n    width: 70%;\n  }\n}\n<\/style>\n    <\/div>\n \n\n        <\/div>\n      <\/div>\n\n            \n<style>\n#banner-299060718 {\n  padding-top: 500px;\n}\n#banner-299060718 .overlay {\n  background-color: rgba(0, 0, 0, 0.2);\n}\n<\/style>\n  <\/div>\n\n\n\n<\/div><\/div>\n\n            <\/div>\n    <style>\n    #banner-grid-1671078490 .grid-col-1{height: 600px}\n    #banner-grid-1671078490 .grid-col-1-2{height: 300px}\n    #banner-grid-1671078490 .grid-col-1-3{height:200px}\n    #banner-grid-1671078490 .grid-col-2-3{height: 400px}\n    #banner-grid-1671078490 .grid-col-1-4{height: 150px}\n    #banner-grid-1671078490 .grid-col-3-4{height: 450px}\n\n\n    \n    \n\n  <\/style>\n    <\/div>\n  \n\n\t\t<\/div>\n\n\t\t\n<style>\n#section_1092096807 {\n  padding-top: 30px;\n  padding-bottom: 30px;\n}\n<\/style>\n\t<\/section>\n\t\n\n\t<section class=\"section\" id=\"section_2094872107\">\n\t\t<div class=\"section-bg fill\" >\n\t\t\t\t\t\t\t\t\t\n\t\t\t\n\n\t\t<\/div>\n\n\t\t\n\n\t\t<div class=\"section-content relative\">\n\t\t\t\n\n<h2 class=\"uppercase\" style=\"text-align: center;\">KLIJENTI O NAMA<\/h2>\n<div class=\"slider-wrapper relative\" id=\"slider-1923075028\" style=\"background-color:rgb(255,255,255);\">\n    <div class=\"slider slider-type-fade slider-nav-circle slider-nav-large slider-nav-dark slider-style-normal slider-show-nav\"\n        data-flickity-options='{\n            \"cellAlign\": \"center\",\n            \"imagesLoaded\": true,\n            \"lazyLoad\": 1,\n            \"freeScroll\": false,\n            \"wrapAround\": true,\n            \"autoPlay\": 6000,\n            \"pauseAutoPlayOnHover\" : true,\n            \"prevNextButtons\": true,\n            \"contain\" : true,\n            \"adaptiveHeight\" : true,\n            \"dragThreshold\" : 10,\n            \"percentPosition\": true,\n            \"pageDots\": true,\n            \"rightToLeft\": false,\n            \"draggable\": true,\n            \"selectedAttraction\": 0.1,\n            \"parallax\" : 0,\n            \"friction\": 0.6        }'\n        >\n        \n\n\n  <div class=\"banner has-hover\" id=\"banner-1621945122\">\n          <div class=\"banner-inner fill\">\n        <div class=\"banner-bg fill\" >\n                                                \n                    <\/div>\n\t\t\n        <div class=\"banner-layers container\">\n            <div class=\"fill banner-link\"><\/div>            \n\n   <div id=\"text-box-1303033853\" class=\"text-box banner-layer x50 md-x50 lg-x50 y50 md-y50 lg-y50 res-text\">\n                                <div class=\"text-box-content text \">\n              \n              <div class=\"text-inner text-center\">\n                  \n\n  <div class=\"icon-box testimonial-box icon-box-center text-center\">\n                <div class=\"icon-box-img testimonial-image circle\" style=\"width: 100px\">\n              <img loading=\"lazy\" decoding=\"async\" width=\"97\" height=\"96\" src=\"https:\/\/octopus.hr\/wp-content\/uploads\/2019\/06\/Centar-za-kulturu-Brac-Preprouka-Octopus.png\" class=\"attachment-thumbnail size-thumbnail\" alt=\"Centar za kulturu Bra\u010d - Octopus\" \/>        <\/div>\n                <div class=\"icon-box-text p-last-0\">\n            \t\t\t\t<div class=\"testimonial-text line-height-small italic test_text first-reset last-reset is-italic\">\n            \n\n<p>Usprkos posebno te\u0161kim uvjetima rada (pristup je bio te\u017eak, nije bilo struje niti vode) zaposlenici tvrtke pokazali su iznimnu suradnju i profesionalnost.<\/p>\n\n          <\/div>\n          <div class=\"testimonial-meta pt-half\">\n             <strong class=\"testimonial-name test_name\">Centar za kulturu Bra\u010d<\/strong>\n                          <span class=\"testimonial-company test_company\"><\/span>\n          <\/div>\n        <\/div>\n  <\/div>\n\n  \n\n              <\/div>\n           <\/div>\n                            \n<style>\n#text-box-1303033853 {\n  width: 100%;\n}\n#text-box-1303033853 .text-box-content {\n  font-size: 100%;\n}\n@media (min-width:550px) {\n  #text-box-1303033853 {\n    width: 78%;\n  }\n}\n<\/style>\n    <\/div>\n \n\n        <\/div>\n      <\/div>\n\n            \n<style>\n#banner-1621945122 {\n  padding-top: 378px;\n  background-color: rgb(239, 239, 239);\n}\n#banner-1621945122 .banner-bg img {\n  object-position: 79% 68%;\n}\n<\/style>\n  <\/div>\n\n\n\n  <div class=\"banner has-hover\" id=\"banner-1655528154\">\n          <div class=\"banner-inner fill\">\n        <div class=\"banner-bg fill\" >\n                                                \n                    <\/div>\n\t\t\n        <div class=\"banner-layers container\">\n            <div class=\"fill banner-link\"><\/div>            \n\n   <div id=\"text-box-1657120062\" class=\"text-box banner-layer x50 md-x50 lg-x50 y50 md-y50 lg-y50 res-text\">\n                                <div class=\"text-box-content text \">\n              \n              <div class=\"text-inner text-center\">\n                  \n\n  <div class=\"icon-box testimonial-box icon-box-center text-center\">\n                <div class=\"icon-box-img testimonial-image circle\" style=\"width: 100px\">\n              <img loading=\"lazy\" decoding=\"async\" width=\"97\" height=\"96\" src=\"https:\/\/octopus.hr\/wp-content\/uploads\/2019\/06\/Hrvatske-ceste-Preprouka-Octopus.png\" class=\"attachment-thumbnail size-thumbnail\" alt=\"\" \/>        <\/div>\n                <div class=\"icon-box-text p-last-0\">\n            \t\t\t\t<div class=\"testimonial-text line-height-small italic test_text first-reset last-reset is-italic\">\n            \n\n<p>Octopus je obavio radove na odgovaraju\u0107i na\u010din, na vrijeme i u skladu s dogovorenim obvezama.<\/p>\n\n          <\/div>\n          <div class=\"testimonial-meta pt-half\">\n             <strong class=\"testimonial-name test_name\">Hrvatske ceste d.o.o.<\/strong>\n                          <span class=\"testimonial-company test_company\"><\/span>\n          <\/div>\n        <\/div>\n  <\/div>\n\n  \n\n              <\/div>\n           <\/div>\n                            \n<style>\n#text-box-1657120062 {\n  width: 100%;\n}\n#text-box-1657120062 .text-box-content {\n  font-size: 100%;\n}\n@media (min-width:550px) {\n  #text-box-1657120062 {\n    width: 78%;\n  }\n}\n<\/style>\n    <\/div>\n \n\n        <\/div>\n      <\/div>\n\n            \n<style>\n#banner-1655528154 {\n  padding-top: 378px;\n  background-color: rgb(239, 239, 239);\n}\n#banner-1655528154 .banner-bg img {\n  object-position: 79% 68%;\n}\n<\/style>\n  <\/div>\n\n\n\n     <\/div>\n\n     <div class=\"loading-spin dark large centered\"><\/div>\n\n\t<\/div>\n\n\n\n\t\t<\/div>\n\n\t\t\n<style>\n#section_2094872107 {\n  padding-top: 60px;\n  padding-bottom: 60px;\n}\n<\/style>\n\t<\/section>\n\t\n\n\n","protected":false},"excerpt":{"rendered":"","protected":false},"author":2,"featured_media":0,"parent":0,"menu_order":0,"comment_status":"closed","ping_status":"closed","template":"page-transparent-header-light.php","meta":{"footnotes":""},"class_list":["post-2374","page","type-page","status-publish","hentry"],"_links":{"self":[{"href":"https:\/\/octopus.hr\/en\/wp-json\/wp\/v2\/pages\/2374","targetHints":{"allow":["GET"]}}],"collection":[{"href":"https:\/\/octopus.hr\/en\/wp-json\/wp\/v2\/pages"}],"about":[{"href":"https:\/\/octopus.hr\/en\/wp-json\/wp\/v2\/types\/page"}],"author":[{"embeddable":true,"href":"https:\/\/octopus.hr\/en\/wp-json\/wp\/v2\/users\/2"}],"replies":[{"embeddable":true,"href":"https:\/\/octopus.hr\/en\/wp-json\/wp\/v2\/comments?post=2374"}],"version-history":[{"count":2,"href":"https:\/\/octopus.hr\/en\/wp-json\/wp\/v2\/pages\/2374\/revisions"}],"predecessor-version":[{"id":2376,"href":"https:\/\/octopus.hr\/en\/wp-json\/wp\/v2\/pages\/2374\/revisions\/2376"}],"wp:attachment":[{"href":"https:\/\/octopus.hr\/en\/wp-json\/wp\/v2\/media?parent=2374"}],"curies":[{"name":"wp","href":"https:\/\/api.w.org\/{rel}","templated":true}]}}